{"id":3,"date":"2024-02-19T10:10:19","date_gmt":"2024-02-19T09:10:19","guid":{"rendered":"http:\/\/localhost:8888\/hotelAtlantide\/web\/?page_id=3"},"modified":"2024-04-09T09:39:42","modified_gmt":"2024-04-09T07:39:42","slug":"politique-de-confidentialite","status":"publish","type":"page","link":"https:\/\/hotelatlantide.fr\/en\/politique-de-confidentialite\/","title":{"rendered":"Privacy policy"},"content":{"rendered":"<h2 class=\"wp-block-heading\">Qui sommes-nous&nbsp;?<\/h2>\n\n\n\n<p>H\u00f4tel Atlantide<\/p>\n\n\n\n<p><a href=\"https:\/\/maps.app.goo.gl\/JuauyzThtxiFPQ8D8\" target=\"_blank\" rel=\"noreferrer noopener\">140 RUE JEAN DE LA FONTAINE,<br>40600 BISCARROSSE, FRANCE<\/a><\/p>\n\n\n\n<p>L\u2019adresse de notre site est&nbsp;: https:\/\/hotelatlantide.fr<\/p>\n\n\n\n<p>Site d\u00e9velopp\u00e9 par Tony RICHER (<a data-type=\"link\" data-id=\"https:\/\/tonyricher.fr\" href=\"https:\/\/tonyricher.fr\">tonyricher.fr<\/a>)<\/p>\n\n\n\n<h2 class=\"wp-block-heading\">Informations g\u00e9n\u00e9rales : <\/h2>\n\n\n\n<p>Lorsque vous visitez notre site Internet, diff\u00e9rents types d\u2019informations sont r\u00e9colt\u00e9s dont l\u2019adresse IP depuis laquelle vous acc\u00e9dez au site, la version et le type de navigateur utilis\u00e9s pour acc\u00e9der au site, le syst\u00e8me d\u2019exploitation utilis\u00e9, les domaines et l\u2019heure de la requ\u00eate. Ces informations ne nous permettent pas d\u2019identifier l\u2019identit\u00e9 de l\u2019utilisateur et tel n\u2019est pas notre objectif. Nous utilisons les informations collect\u00e9es \u00e0 des fins uniquement statistiques qui nous permettent principalement d\u2019am\u00e9liorer le contenu et la pr\u00e9sentation de notre site Internet. Veuillez noter que nous pouvons r\u00e9colter des donn\u00e9es suppl\u00e9mentaires, telles que les nom, adresses postales et e-mail, num\u00e9ro de t\u00e9l\u00e9phone, que vous nous fournirez volontairement en naviguant sur notre site. Vous pouvez \u00e9galement payer et utiliser nos services en utilisant un pseudonyme ou des donn\u00e9es rendues anonymes, sans nous indiquer les donn\u00e9es personnelles susmentionn\u00e9es. <\/p>\n\n\n\n<h2 class=\"wp-block-heading\">Cookies : <\/h2>\n\n\n\n<p>Ce site Internet utilise des cookies pour collecter des donn\u00e9es utilis\u00e9es \u00e0 des fins statistiques. Les cookies sont de petits fichiers stock\u00e9s sur le disque dur de votre ordinateur ; lorsque vous naviguez sur notre site, ils contr\u00f4lent votre activit\u00e9 et nous fournissent ainsi des donn\u00e9es cl\u00e9s nous permettant de faciliter la navigation. Si des cookies sont stock\u00e9s sur votre ordinateur, vous n\u2019aurez pas besoin d\u2019entrer toutes les donn\u00e9es requises pour acc\u00e9der \u00e0 ce site \u00e0 chaque fois que vous le visitez. Ces donn\u00e9es nous permettent de personnaliser notre site Internet afin qu\u2019il corresponde \u00e0 vos go\u00fbts et \u00e0 vos besoins ; cette d\u00e9marche s\u2019inscrit dans l\u2019ensemble des efforts que nous faisons pour vous offrir un acc\u00e8s fluide \u00e0 nos pages et \u00e0 nos services. Si vous ne d\u00e9sirez pas que des cookies soient enregistr\u00e9s sur votre ordinateur, vous pouvez utiliser la configuration du navigateur pour bloquer les cookies de notre site. Pour savoir comment configurer votre navigateur concernant la gestion des cookies, veuillez vous rendre sur le centre d\u2019aide de votre navigateur. Vous pouvez supprimer les cookies d\u00e9j\u00e0 enregistr\u00e9s sur votre ordinateur lorsque vous le souhaitez. Veuillez noter que le blocage des cookies peut limiter l\u2019acc\u00e8s \u00e0 certaines fonctions de notre site et entra\u00eener une exp\u00e9rience rationalis\u00e9e amoindrie. <\/p>\n\n\n\n<h2 class=\"wp-block-heading\">Communication des donn\u00e9es \u00e0 des tiers<\/h2>\n\n\n\n<p>Sauf mention contraire dans cette d\u00e9claration, toutes les donn\u00e9es que vous partagez avec nous, ou que nous collectons aupr\u00e8s de vous lorsque vous naviguez sur notre site, seront tenues secr\u00e8tes et ne seront pas divulgu\u00e9es \u00e0 des tiers, sauf si la loi le requiert ou si les donn\u00e9es doivent \u00eatre transmises en vue de l\u2019ex\u00e9cution de la relation contractuelle \u00e0 laquelle vous avez souscrit. Les entreprises et associ\u00e9s tiers, dont les soci\u00e9t\u00e9s de paiement en ligne, auront uniquement acc\u00e8s \u00e0 ces donn\u00e9es lorsque cela sera n\u00e9cessaire au traitement de votre commande. Dans ces cas-l\u00e0, nous nous assurerons que le cadre de la transmission des donn\u00e9es soit maintenu au minimum essentiel convenu. Nous imposons \u00e9galement une politique de protection des donn\u00e9es stricte concernant les donn\u00e9es personnelles que vous nous fournissez ou que nous trouvons. En suivant cette ligne de conduite, nous nous conformons aux dispositions de la l\u00e9gislation sur la protection des donn\u00e9es. Veuillez noter que nous ne sommes pas responsables des donn\u00e9es que vous communiquez \u00e0 d\u2019autres prestataires de services. Nous prenons des mesures uniquement afin d\u2019assurer que toute donn\u00e9e vous concernant communiqu\u00e9e par d\u2019autres prestataires de services soit communiqu\u00e9e en toute conformit\u00e9 avec les exigences des lois r\u00e9gissant la protection des donn\u00e9es et de la vie priv\u00e9e, telles que mentionn\u00e9es dans notre politique de confidentialit\u00e9. <\/p>\n\n\n\n<h2 class=\"wp-block-heading\">Analytics<\/h2>\n\n\n\n<p>Ce site Internet utilise matomo, un service d\u2019analyses enti\u00e8rement conforme au RGPD.<\/p>\n\n\n\n<p>Pour plus d&rsquo;informations : https:\/\/fr.matomo.org\/get\/matomo-analytics-fr-2d<\/p>","protected":false},"excerpt":{"rendered":"<p>Qui sommes-nous&nbsp;? H\u00f4tel Atlantide 140 RUE JEAN DE LA FONTAINE,40600 BISCARROSSE, FRANCE L\u2019adresse de notre site est&nbsp;: https:\/\/hotelatlantide.fr Site d\u00e9velopp\u00e9 par Tony RICHER (tonyricher.fr) Informations g\u00e9n\u00e9rales : Lorsque vous visitez [&hellip;]<\/p>\n","protected":false},"author":1,"featured_media":0,"parent":0,"menu_order":0,"comment_status":"closed","ping_status":"open","template":"","meta":{"footnotes":""},"class_list":["post-3","page","type-page","status-publish","hentry"],"acf":[],"yoast_head":"<!-- This site is optimized with the Yoast SEO plugin v27.4 - https:\/\/yoast.com\/product\/yoast-seo-wordpress\/ -->\n<title>Politique de confidentialit\u00e9 | H\u00f4tel Atlantide<\/title>\n<meta name=\"robots\" content=\"index, follow, max-snippet:-1, max-image-preview:large, max-video-preview:-1\" \/>\n<link rel=\"canonical\" href=\"https:\/\/hotelatlantide.fr\/en\/politique-de-confidentialite\/\" \/>\n<meta property=\"og:locale\" content=\"en_US\" \/>\n<meta property=\"og:type\" content=\"article\" \/>\n<meta property=\"og:title\" content=\"Politique de confidentialit\u00e9 | H\u00f4tel Atlantide\" \/>\n<meta property=\"og:description\" content=\"Qui sommes-nous&nbsp;? H\u00f4tel Atlantide 140 RUE JEAN DE LA FONTAINE,40600 BISCARROSSE, FRANCE L\u2019adresse de notre site est&nbsp;: https:\/\/hotelatlantide.fr Site d\u00e9velopp\u00e9 par Tony RICHER (tonyricher.fr) Informations g\u00e9n\u00e9rales : Lorsque vous visitez [&hellip;]\" \/>\n<meta property=\"og:url\" content=\"https:\/\/hotelatlantide.fr\/en\/politique-de-confidentialite\/\" \/>\n<meta property=\"og:site_name\" content=\"H\u00f4tel Atlantide\" \/>\n<meta property=\"article:modified_time\" content=\"2024-04-09T07:39:42+00:00\" \/>\n<meta property=\"og:image\" content=\"https:\/\/hotelatlantide.fr\/wp-content\/uploads\/2024\/03\/Hotel-Atlantide-Biscarrosse-WEB-22-1.jpg\" \/>\n\t<meta property=\"og:image:width\" content=\"2500\" \/>\n\t<meta property=\"og:image:height\" content=\"1786\" \/>\n\t<meta property=\"og:image:type\" content=\"image\/jpeg\" \/>\n<meta name=\"twitter:card\" content=\"summary_large_image\" \/>\n<meta name=\"twitter:label1\" content=\"Est. reading time\" \/>\n\t<meta name=\"twitter:data1\" content=\"4 minutes\" \/>\n<script type=\"application\/ld+json\" class=\"yoast-schema-graph\">{\"@context\":\"https:\\\/\\\/schema.org\",\"@graph\":[{\"@type\":\"WebPage\",\"@id\":\"https:\\\/\\\/hotelatlantide.fr\\\/politique-de-confidentialite\\\/\",\"url\":\"https:\\\/\\\/hotelatlantide.fr\\\/politique-de-confidentialite\\\/\",\"name\":\"Politique de confidentialit\u00e9 | H\u00f4tel Atlantide\",\"isPartOf\":{\"@id\":\"https:\\\/\\\/hotelatlantide.fr\\\/#website\"},\"datePublished\":\"2024-02-19T09:10:19+00:00\",\"dateModified\":\"2024-04-09T07:39:42+00:00\",\"inLanguage\":\"en-US\",\"potentialAction\":[{\"@type\":\"ReadAction\",\"target\":[\"https:\\\/\\\/hotelatlantide.fr\\\/politique-de-confidentialite\\\/\"]}]},{\"@type\":\"WebSite\",\"@id\":\"https:\\\/\\\/hotelatlantide.fr\\\/#website\",\"url\":\"https:\\\/\\\/hotelatlantide.fr\\\/\",\"name\":\"H\u00f4tel Atlantide\",\"description\":\"\",\"publisher\":{\"@id\":\"https:\\\/\\\/hotelatlantide.fr\\\/#organization\"},\"potentialAction\":[{\"@type\":\"SearchAction\",\"target\":{\"@type\":\"EntryPoint\",\"urlTemplate\":\"https:\\\/\\\/hotelatlantide.fr\\\/?s={search_term_string}\"},\"query-input\":{\"@type\":\"PropertyValueSpecification\",\"valueRequired\":true,\"valueName\":\"search_term_string\"}}],\"inLanguage\":\"en-US\"},{\"@type\":\"Organization\",\"@id\":\"https:\\\/\\\/hotelatlantide.fr\\\/#organization\",\"name\":\"H\u00f4tel Atlantide\",\"url\":\"https:\\\/\\\/hotelatlantide.fr\\\/\",\"logo\":{\"@type\":\"ImageObject\",\"inLanguage\":\"en-US\",\"@id\":\"https:\\\/\\\/hotelatlantide.fr\\\/#\\\/schema\\\/logo\\\/image\\\/\",\"url\":\"https:\\\/\\\/hotelatlantide.fr\\\/wp-content\\\/uploads\\\/2024\\\/05\\\/favicon-2.png\",\"contentUrl\":\"https:\\\/\\\/hotelatlantide.fr\\\/wp-content\\\/uploads\\\/2024\\\/05\\\/favicon-2.png\",\"width\":512,\"height\":512,\"caption\":\"H\u00f4tel Atlantide\"},\"image\":{\"@id\":\"https:\\\/\\\/hotelatlantide.fr\\\/#\\\/schema\\\/logo\\\/image\\\/\"}}]}<\/script>\n<!-- \/ Yoast SEO plugin. -->","yoast_head_json":{"title":"Politique de confidentialit\u00e9 | H\u00f4tel Atlantide","robots":{"index":"index","follow":"follow","max-snippet":"max-snippet:-1","max-image-preview":"max-image-preview:large","max-video-preview":"max-video-preview:-1"},"canonical":"https:\/\/hotelatlantide.fr\/en\/politique-de-confidentialite\/","og_locale":"en_US","og_type":"article","og_title":"Politique de confidentialit\u00e9 | H\u00f4tel Atlantide","og_description":"Qui sommes-nous&nbsp;? H\u00f4tel Atlantide 140 RUE JEAN DE LA FONTAINE,40600 BISCARROSSE, FRANCE L\u2019adresse de notre site est&nbsp;: https:\/\/hotelatlantide.fr Site d\u00e9velopp\u00e9 par Tony RICHER (tonyricher.fr) Informations g\u00e9n\u00e9rales : Lorsque vous visitez [&hellip;]","og_url":"https:\/\/hotelatlantide.fr\/en\/politique-de-confidentialite\/","og_site_name":"H\u00f4tel Atlantide","article_modified_time":"2024-04-09T07:39:42+00:00","og_image":[{"width":2500,"height":1786,"url":"https:\/\/hotelatlantide.fr\/wp-content\/uploads\/2024\/03\/Hotel-Atlantide-Biscarrosse-WEB-22-1.jpg","type":"image\/jpeg"}],"twitter_card":"summary_large_image","twitter_misc":{"Est. reading time":"4 minutes"},"schema":{"@context":"https:\/\/schema.org","@graph":[{"@type":"WebPage","@id":"https:\/\/hotelatlantide.fr\/politique-de-confidentialite\/","url":"https:\/\/hotelatlantide.fr\/politique-de-confidentialite\/","name":"Politique de confidentialit\u00e9 | H\u00f4tel Atlantide","isPartOf":{"@id":"https:\/\/hotelatlantide.fr\/#website"},"datePublished":"2024-02-19T09:10:19+00:00","dateModified":"2024-04-09T07:39:42+00:00","inLanguage":"en-US","potentialAction":[{"@type":"ReadAction","target":["https:\/\/hotelatlantide.fr\/politique-de-confidentialite\/"]}]},{"@type":"WebSite","@id":"https:\/\/hotelatlantide.fr\/#website","url":"https:\/\/hotelatlantide.fr\/","name":"H\u00f4tel Atlantide","description":"","publisher":{"@id":"https:\/\/hotelatlantide.fr\/#organization"},"potentialAction":[{"@type":"SearchAction","target":{"@type":"EntryPoint","urlTemplate":"https:\/\/hotelatlantide.fr\/?s={search_term_string}"},"query-input":{"@type":"PropertyValueSpecification","valueRequired":true,"valueName":"search_term_string"}}],"inLanguage":"en-US"},{"@type":"Organization","@id":"https:\/\/hotelatlantide.fr\/#organization","name":"H\u00f4tel Atlantide","url":"https:\/\/hotelatlantide.fr\/","logo":{"@type":"ImageObject","inLanguage":"en-US","@id":"https:\/\/hotelatlantide.fr\/#\/schema\/logo\/image\/","url":"https:\/\/hotelatlantide.fr\/wp-content\/uploads\/2024\/05\/favicon-2.png","contentUrl":"https:\/\/hotelatlantide.fr\/wp-content\/uploads\/2024\/05\/favicon-2.png","width":512,"height":512,"caption":"H\u00f4tel Atlantide"},"image":{"@id":"https:\/\/hotelatlantide.fr\/#\/schema\/logo\/image\/"}}]}},"_links":{"self":[{"href":"https:\/\/hotelatlantide.fr\/en\/wp-json\/wp\/v2\/pages\/3","targetHints":{"allow":["GET"]}}],"collection":[{"href":"https:\/\/hotelatlantide.fr\/en\/wp-json\/wp\/v2\/pages"}],"about":[{"href":"https:\/\/hotelatlantide.fr\/en\/wp-json\/wp\/v2\/types\/page"}],"author":[{"embeddable":true,"href":"https:\/\/hotelatlantide.fr\/en\/wp-json\/wp\/v2\/users\/1"}],"replies":[{"embeddable":true,"href":"https:\/\/hotelatlantide.fr\/en\/wp-json\/wp\/v2\/comments?post=3"}],"version-history":[{"count":4,"href":"https:\/\/hotelatlantide.fr\/en\/wp-json\/wp\/v2\/pages\/3\/revisions"}],"predecessor-version":[{"id":525,"href":"https:\/\/hotelatlantide.fr\/en\/wp-json\/wp\/v2\/pages\/3\/revisions\/525"}],"wp:attachment":[{"href":"https:\/\/hotelatlantide.fr\/en\/wp-json\/wp\/v2\/media?parent=3"}],"curies":[{"name":"wp","href":"https:\/\/api.w.org\/{rel}","templated":true}]}}