{"id":519,"date":"2024-04-09T09:32:56","date_gmt":"2024-04-09T07:32:56","guid":{"rendered":"https:\/\/hotelatlantide.fr\/?page_id=519"},"modified":"2024-05-28T11:52:49","modified_gmt":"2024-05-28T09:52:49","slug":"mentions-legales","status":"publish","type":"page","link":"https:\/\/hotelatlantide.fr\/en\/mentions-legales\/","title":{"rendered":"Legal notice"},"content":{"rendered":"<h2 class=\"wp-block-heading\">Nom de la soci\u00e9t\u00e9 : &nbsp;SAS H\u00d4TEL ATLANTIDE<\/h2>\n\n\n\n<p>T\u00e9l\u00e9phone : +33 (0)5 58 78 08 86<br>Adresse : 140 Rue Jean de la Fontaine &#8211; 40600 BISCARROSSE<br>Capital social : 40 000,00 \u20ac<br>RCS : 412 933 277&nbsp; R.C.S Mont-de-Marsan<br>Num\u00e9ro de TVA:&nbsp; FR 39 412933277<br>Siret : 41293327700011<br>Pr\u00e9sident mentionn\u00e9 sur le Kbis : POELMANN May Ang\u00e9lique,&nbsp; nom d\u2019usage BONT\u00c9<\/p>\n\n\n\n<h2 class=\"wp-block-heading\">Cr\u00e9ation du site : TONY RICHER<\/h2>\n\n\n\n<p>Adresse : 8 B Rue de la Benauge &#8211; 33000 Bordeaux<br>Num\u00e9ro d\u2019entreprise : 88338815700020<br>adresse mail : <a href=\"mailto:bonjour@tonyricher.fr\">bonjour@tonyricher.fr<\/a><\/p>\n\n\n\n<h2 class=\"wp-block-heading\">Cr\u00e9ation du logo : Florent Lierre<\/h2>\n\n\n\n<p><a href=\"https:\/\/www.mangrove-agency.com\">https:\/\/www.mangrove-agency.com<\/a><\/p>\n\n\n\n<h2 class=\"wp-block-heading\">H\u00e9bergement : Hostinger<\/h2>\n\n\n\n<p>HOSTINGER, dont le si\u00e8ge social est situ\u00e9 HOSTINGER INTERNATIONAL LTD, 61 Lordou Vironos Street, 6023 Larnaca, Chypre, joignable par le moyen suivant :https:\/\/www.hostinger.fr\/contact.<\/p>\n\n\n\n<p>Loi informatique et libert\u00e9 : le site fait l&rsquo;objet d&rsquo;une declaration aupr\u00e8s de la Commission Nationale Informatique et Libert\u00e9. Vous disposez d&rsquo;un droit d&rsquo;acc\u00e8s, de modification, de rectification et de suppression des donn\u00e9es qui vous concernent (art. 34 de la loi \u00ab\u00a0Informatique et Libert\u00e9s\u00a0\u00bb). Pour l&rsquo;exercer, adressez vous \u00e0 : atlantide@hotelatlantide.fr<\/p>\n\n\n\n<p>Propri\u00e9t\u00e9 : Le site et les informations qu&rsquo;il contient sont prot\u00e9g\u00e9s par la loi fran\u00e7aise sur la propri\u00e9t\u00e9 intellectuelle et par les conventions internationales. Hors utilisation dans le cercle de famille ou usage priv\u00e9, le site et aucun \u00e9l\u00e9ment de son contenu ne peuvent \u00eatre reproduits, republier, retranscrits, modifies ou retransmis sans l&rsquo;autorisation pr\u00e9alable des ayants droit.<\/p>\n\n\n\n<h2 class=\"wp-block-heading\">\u00c9DITEUR<\/h2>\n\n\n\n<p>Le site internet accessible, notamment, \u00e0 l\u2019adresse https:\/\/www.hotelatlantide,fr est \u00e9dit\u00e9 par la soci\u00e9t\u00e9 SAS H\u00f4tel Atlantide, immatricul\u00e9e au Registre du Commerce et des Soci\u00e9t\u00e9s de Mont de Marsan sous le num\u00e9ro&nbsp; RCS 412933277 et le num\u00e9ro de TVA FR 39412933277 capital social de 40.000 euros et dont le si\u00e8ge social est situ\u00e9 140 Rue Jean de la Fontaine \u2013 40600 BISCARROSSE ; num\u00e9ro de t\u00e9l\u00e9phone +33 (0)5 58 78 08 86&nbsp;<br>L\u2019acc\u00e8s au Site ainsi que l\u2019utilisation de son contenu s\u2019effectuent dans le cadre des mentions d\u2019utilisation d\u00e9crites ci-apr\u00e8s. Le fait d\u2019acc\u00e9der et de naviguer sur le site constitue de la part de l\u2019internaute une acceptation sans r\u00e9serve des pr\u00e9cisions suivantes : Le Site est h\u00e9berg\u00e9 par la soci\u00e9t\u00e9 Hostinger.&nbsp;<\/p>\n\n\n\n<p>Site officiel :\u202fhostinger.fr<\/p>\n\n\n\n<h2 class=\"wp-block-heading\">PROPRI\u00c9T\u00c9 INTELLECTUELLE&nbsp;<\/h2>\n\n\n\n<p>Le site dans son ensemble, ainsi que chacun des \u00e9l\u00e9ments qui le composent (notamment, textes, sch\u00e9mas, arborescences, logiciels, animations, images, photographies, illustrations, vid\u00e9os, repr\u00e9sentations graphiques ou \u00e9ditoriales, logos, etc.) constituent des \u0153uvres de l\u2019esprit prot\u00e9g\u00e9s par le code de la propri\u00e9t\u00e9 intellectuelle ainsi que par toute autre l\u00e9gislation internationale applicable.&nbsp;<\/p>\n\n\n\n<p>SAS H\u00f4tel ATLANTIDE est seule habilit\u00e9e (directement ou par l\u2019effet de licences ou autorisations) \u00e0 utiliser les \u00e9l\u00e9ments composant le Site, les noms de domaine, les marques, mod\u00e8les, etc. ainsi que les images et contenus \u00e9ditoriaux qui y sont reproduits.&nbsp;<\/p>\n\n\n\n<p>L\u2019usage de tout ou partie du site, notamment par t\u00e9l\u00e9chargement, reproduction, transmission, repr\u00e9sentation ou diffusion \u00e0 d\u2019autres fins que la consultation et l\u2019utilisation du Site \u00e0 titre personnel et priv\u00e9 par l\u2019internaute dans un but non commercial est strictement interdit. La violation de ces dispositions expose son auteur aux sanctions pr\u00e9vues tant par le Code de la propri\u00e9t\u00e9 intellectuelle au titre notamment de la contrefa\u00e7on de droits d\u2019auteur, de droit de marques que par le code civil en mati\u00e8re de responsabilit\u00e9 civile.&nbsp;<\/p>\n\n\n\n<p>La cr\u00e9ation de tout lien hypertexte renvoyant \u00e0 l\u2019une quelconque des pages web ou \u00e9l\u00e9ments composant le Site est interdite sauf autorisation \u00e9crite et pr\u00e9alable de SAS H\u00f4tel ATLANTIDE laquelle autorisation pouvant \u00eatre r\u00e9voqu\u00e9e \u00e0 tout moment. Tout contenu, site internet ou autre ayant un lien hypertexte dirigeant vers le site ou vers l\u2019un quelconque des \u00e9l\u00e9ments qui le composent ne sont pas sous le contr\u00f4le de SAS H\u00f4tel ATLANTIDE et celle-ci d\u00e9cline par cons\u00e9quent toute responsabilit\u00e9 (notamment, \u00e9ditoriale) concernant l\u2019acc\u00e8s \u00e0 ces sites et leur contenu.&nbsp;<\/p>\n\n\n\n<h2 class=\"wp-block-heading\">DISPONIBILIT\u00c9 DU SITE&nbsp;<\/h2>\n\n\n\n<p>SAS H\u00d4TEL ATLANTIDE s\u2019efforce, dans la mesure du possible, de maintenir accessible\u202fde mani\u00e8re permanente le site, mais n\u2019est tenue \u00e0 aucune obligation d\u2019y parvenir.&nbsp;<\/p>\n\n\n\n<p>SAS H\u00f4tel Atlantide&nbsp; peut donc interrompre l\u2019acc\u00e8s au Site, notamment pour des raisons de maintenance ou de mise \u00e0 jour, ou pour toutes autres raisons, notamment techniques ou \u00e9ditoriales et ce, sans pr\u00e9avis ni information pr\u00e9alable des internautes, sans que SAS H\u00f4tel Atlantide ne puisse \u00eatre tenue pour responsable des cons\u00e9quences de ces interruptions aussi bien \u00e0 l\u2019\u00e9gard des internautes que de tout tiers.&nbsp;<\/p>\n\n\n\n<p>Par ailleurs, SAS H\u00f4tel Atlantide ne saurait \u00eatre tenue pour responsable si des internautes ne parvenaient pas \u00e0 acc\u00e9der \u00e0 tout ou partie du site du fait de tout d\u00e9faut technique ou de tout probl\u00e8me notamment et non limitativement li\u00e9 \u00e0 :&nbsp;<\/p>\n\n\n\n<ul class=\"wp-block-list\">\n<li>une d\u00e9faillance et\/ou un encombrement du r\u00e9seau Internet,&nbsp;<\/li>\n\n\n\n<li>une d\u00e9faillance des fournisseurs d\u2019acc\u00e8s Internet,&nbsp;<\/li>\n\n\n\n<li>une erreur humaine ou d\u2019origine \u00e9lectrique,&nbsp;<\/li>\n\n\n\n<li>toute intervention malveillante,&nbsp;<\/li>\n\n\n\n<li>tous dysfonctionnements de logiciel ou de mat\u00e9riel,&nbsp;<\/li>\n\n\n\n<li>un cas de force majeure.&nbsp;<\/li>\n<\/ul>\n\n\n\n<h2 class=\"wp-block-heading\">DISPOSITIF BLOCTEL&nbsp;<\/h2>\n\n\n\n<p>Pour ne plus recevoir des appels t\u00e9l\u00e9phoniques commerciaux non sollicit\u00e9s, vous pouvez vous inscrire sur la liste <a href=\"https:\/\/www.bloctel.gouv.fr\/accueil\">Bloctel<\/a>.&nbsp;<\/p>\n\n\n\n<h2 class=\"wp-block-heading\">LITIGES<\/h2>\n\n\n\n<p>Tous diff\u00e9rends relatifs \u00e0 la formation, l&rsquo;ex\u00e9cution et cessation des obligations contractuelles entre les parties qui n&rsquo;auraient pu \u00eatre r\u00e9gl\u00e9es \u00e0 l&rsquo;amiable entre elles, seront soumis \u00e0 la m\u00e9diation Tourisme et Voyage&nbsp;domicili\u00e9e 15, Avenue Carnot &#8211; 75017 PARIS \/ <a href=\"mailto:info@mtv.travel?subject=M%C3%A9diation%20Brit%20Hotel%20\">info@mtv.travel<\/a><\/p>\n\n\n\n<p>L&rsquo;ouverture d&rsquo;un ticket de m\u00e9diation peut se faire en ligne via leur site internet <a href=\"https:\/\/www.mtv.travel\/\">https:\/\/www.mtv.travel\/<\/a>&nbsp;<\/p>\n\n\n\n<p>En cas d&rsquo;\u00e9chec, les diff\u00e9rends seront port\u00e9s devant les juridictions comp\u00e9tentes fran\u00e7aises du lieu du si\u00e8ge social de l&rsquo;h\u00f4tel, y compris les litiges de paiement et autres proc\u00e9dures de recouvrement.<\/p>\n\n\n\n<p>&nbsp;&#8211; site internet de la m\u00e9diation en France : <a href=\"http:\/\/www.mediation-conso.fr\/\">http:\/\/www.mediation-conso.fr<\/a><\/p>\n\n\n\n<p>&nbsp;&#8211; Plateforme europ\u00e9enne de r\u00e9solution en ligne des litiges de consommation Conform\u00e9ment \u00e0 l&rsquo;article 14 du r\u00e8glement 524\/2013 du 21 mai 2013, le consommateur aura la possibilit\u00e9 de soumettre une r\u00e9clamation via le lien suivant <a href=\"http:\/\/ec.europa.eu\/consumers\/odr\/\">http:\/\/ec.europa.eu\/consumers\/odr\/<\/a><\/p>\n\n\n\n<p>&nbsp;&#8211; Le Club des M\u00e9diateurs : <a href=\"https:\/\/clubdesmediateurs.fr\/\">clubdesmediateurs.fr<\/a><\/p>\n\n\n\n<p>&nbsp;&#8211; Le Centre Europ\u00e9en des Consommateurs : <a href=\"http:\/\/www.europe-consommateurs.eu\/fr\/accueil\/\">www.europe-consommateurs.eu<\/a>&nbsp;<\/p>\n\n\n\n<h2 class=\"wp-block-heading\">DROIT DE R\u00c9TRACTATION&nbsp;<\/h2>\n\n\n\n<p>En application de l&rsquo;article L221-28 du code de la consommation, le consommateur ne b\u00e9n\u00e9ficie pas de droit de r\u00e9tractation.&nbsp;<\/p>\n\n\n\n<h2 class=\"wp-block-heading\">RESPONSABILIT\u00c9&nbsp;<\/h2>\n\n\n\n<p>SAS H\u00f4tel Atlantide s\u2019efforce d\u2019assurer au mieux de ses possibilit\u00e9s l\u2019exactitude et la mise \u00e0 jour des informations diffus\u00e9es sur le Site, dont elle se r\u00e9serve le droit de modifier, \u00e0 tout moment et sans pr\u00e9avis, le contenu.&nbsp;<\/p>\n\n\n\n<p>Toutefois, SAS H\u00f4tel Atlantide ne peut garantir l\u2019exactitude, la pr\u00e9cision et l\u2019exhaustivit\u00e9 des informations mises \u00e0 disposition sur le site, lesquelles informations ne constituent ni une garantie ni un engagement de la part de SAS H\u00f4tel Atlantide \u00e0 l\u2019\u00e9gard de l\u2019internaute. En particulier, cette derni\u00e8re ne saurait \u00eatre tenue pour responsable :&nbsp;<\/p>\n\n\n\n<ul class=\"wp-block-list\">\n<li>de toute impr\u00e9cision, inexactitude ou omission desdites informations ;&nbsp;<\/li>\n\n\n\n<li>de tout dommage \u00e9ventuel r\u00e9sultant d\u2019une intrusion informatique d\u2019un tiers ayant entra\u00een\u00e9 une modification desdites informations ;&nbsp;<\/li>\n\n\n\n<li>et, plus g\u00e9n\u00e9ralement, de tous dommages, directs ou indirects, qu\u2019elles qu\u2019en soient les causes, origines, natures et cons\u00e9quences, li\u00e9es \u00e0 l\u2019acc\u00e8s (ou \u00e0 l\u2019impossibilit\u00e9 d\u2019acc\u00e9der au site), au contenu, \u00e0 l\u2019utilisation du site et\/ou au cr\u00e9dit accord\u00e9 \u00e0 une quelconque information provenant de ce dernier.<\/li>\n<\/ul>\n\n\n\n<h2 class=\"wp-block-heading\">COOKIES<\/h2>\n\n\n\n<p>Le site http:\/\/www.hotelatlantide.fr peut-\u00eatre amen\u00e9 \u00e0 vous demander l\u2019acceptation des cookies pour des besoins de statistiques et d\u2019affichage. Un cookies est une information d\u00e9pos\u00e9e sur votre disque dur par le serveur du site que vous visitez. Il contient plusieurs donn\u00e9es qui sont stock\u00e9es sur votre ordinateur dans un simple fichier texte auquel un serveur acc\u00e8de pour lire et enregistrer des informations . Certaines parties de ce site ne peuvent \u00eatre fonctionnelles sans l\u2019acceptation de cookies.<\/p>","protected":false},"excerpt":{"rendered":"<p>Nom de la soci\u00e9t\u00e9 : &nbsp;SAS H\u00d4TEL ATLANTIDE T\u00e9l\u00e9phone : +33 (0)5 58 78 08 86Adresse : 140 Rue Jean de la Fontaine &#8211; 40600 BISCARROSSECapital social : 40 000,00 [&hellip;]<\/p>\n","protected":false},"author":1,"featured_media":0,"parent":0,"menu_order":0,"comment_status":"closed","ping_status":"closed","template":"","meta":{"footnotes":""},"class_list":["post-519","page","type-page","status-publish","hentry"],"acf":[],"yoast_head":"<!-- This site is optimized with the Yoast SEO plugin v27.4 - https:\/\/yoast.com\/product\/yoast-seo-wordpress\/ -->\n<title>Mentions l\u00e9gales | H\u00f4tel Atlantide<\/title>\n<meta name=\"robots\" content=\"index, follow, max-snippet:-1, max-image-preview:large, max-video-preview:-1\" \/>\n<link rel=\"canonical\" href=\"https:\/\/hotelatlantide.fr\/en\/mentions-legales\/\" \/>\n<meta property=\"og:locale\" content=\"en_US\" \/>\n<meta property=\"og:type\" content=\"article\" \/>\n<meta property=\"og:title\" content=\"Mentions l\u00e9gales | H\u00f4tel Atlantide\" \/>\n<meta property=\"og:description\" content=\"Nom de la soci\u00e9t\u00e9 : &nbsp;SAS H\u00d4TEL ATLANTIDE T\u00e9l\u00e9phone : +33 (0)5 58 78 08 86Adresse : 140 Rue Jean de la Fontaine &#8211; 40600 BISCARROSSECapital social : 40 000,00 [&hellip;]\" \/>\n<meta property=\"og:url\" content=\"https:\/\/hotelatlantide.fr\/en\/mentions-legales\/\" \/>\n<meta property=\"og:site_name\" content=\"H\u00f4tel Atlantide\" \/>\n<meta property=\"article:modified_time\" content=\"2024-05-28T09:52:49+00:00\" \/>\n<meta property=\"og:image\" content=\"https:\/\/hotelatlantide.fr\/wp-content\/uploads\/2024\/03\/Hotel-Atlantide-Biscarrosse-WEB-22-1.jpg\" \/>\n\t<meta property=\"og:image:width\" content=\"2500\" \/>\n\t<meta property=\"og:image:height\" content=\"1786\" \/>\n\t<meta property=\"og:image:type\" content=\"image\/jpeg\" \/>\n<meta name=\"twitter:card\" content=\"summary_large_image\" \/>\n<meta name=\"twitter:label1\" content=\"Est. reading time\" \/>\n\t<meta name=\"twitter:data1\" content=\"7 minutes\" \/>\n<script type=\"application\/ld+json\" class=\"yoast-schema-graph\">{\"@context\":\"https:\\\/\\\/schema.org\",\"@graph\":[{\"@type\":\"WebPage\",\"@id\":\"https:\\\/\\\/hotelatlantide.fr\\\/mentions-legales\\\/\",\"url\":\"https:\\\/\\\/hotelatlantide.fr\\\/mentions-legales\\\/\",\"name\":\"Mentions l\u00e9gales | H\u00f4tel Atlantide\",\"isPartOf\":{\"@id\":\"https:\\\/\\\/hotelatlantide.fr\\\/#website\"},\"datePublished\":\"2024-04-09T07:32:56+00:00\",\"dateModified\":\"2024-05-28T09:52:49+00:00\",\"inLanguage\":\"en-US\",\"potentialAction\":[{\"@type\":\"ReadAction\",\"target\":[\"https:\\\/\\\/hotelatlantide.fr\\\/mentions-legales\\\/\"]}]},{\"@type\":\"WebSite\",\"@id\":\"https:\\\/\\\/hotelatlantide.fr\\\/#website\",\"url\":\"https:\\\/\\\/hotelatlantide.fr\\\/\",\"name\":\"H\u00f4tel Atlantide\",\"description\":\"\",\"publisher\":{\"@id\":\"https:\\\/\\\/hotelatlantide.fr\\\/#organization\"},\"potentialAction\":[{\"@type\":\"SearchAction\",\"target\":{\"@type\":\"EntryPoint\",\"urlTemplate\":\"https:\\\/\\\/hotelatlantide.fr\\\/?s={search_term_string}\"},\"query-input\":{\"@type\":\"PropertyValueSpecification\",\"valueRequired\":true,\"valueName\":\"search_term_string\"}}],\"inLanguage\":\"en-US\"},{\"@type\":\"Organization\",\"@id\":\"https:\\\/\\\/hotelatlantide.fr\\\/#organization\",\"name\":\"H\u00f4tel Atlantide\",\"url\":\"https:\\\/\\\/hotelatlantide.fr\\\/\",\"logo\":{\"@type\":\"ImageObject\",\"inLanguage\":\"en-US\",\"@id\":\"https:\\\/\\\/hotelatlantide.fr\\\/#\\\/schema\\\/logo\\\/image\\\/\",\"url\":\"https:\\\/\\\/hotelatlantide.fr\\\/wp-content\\\/uploads\\\/2024\\\/05\\\/favicon-2.png\",\"contentUrl\":\"https:\\\/\\\/hotelatlantide.fr\\\/wp-content\\\/uploads\\\/2024\\\/05\\\/favicon-2.png\",\"width\":512,\"height\":512,\"caption\":\"H\u00f4tel Atlantide\"},\"image\":{\"@id\":\"https:\\\/\\\/hotelatlantide.fr\\\/#\\\/schema\\\/logo\\\/image\\\/\"}}]}<\/script>\n<!-- \/ Yoast SEO plugin. -->","yoast_head_json":{"title":"Mentions l\u00e9gales | H\u00f4tel Atlantide","robots":{"index":"index","follow":"follow","max-snippet":"max-snippet:-1","max-image-preview":"max-image-preview:large","max-video-preview":"max-video-preview:-1"},"canonical":"https:\/\/hotelatlantide.fr\/en\/mentions-legales\/","og_locale":"en_US","og_type":"article","og_title":"Mentions l\u00e9gales | H\u00f4tel Atlantide","og_description":"Nom de la soci\u00e9t\u00e9 : &nbsp;SAS H\u00d4TEL ATLANTIDE T\u00e9l\u00e9phone : +33 (0)5 58 78 08 86Adresse : 140 Rue Jean de la Fontaine &#8211; 40600 BISCARROSSECapital social : 40 000,00 [&hellip;]","og_url":"https:\/\/hotelatlantide.fr\/en\/mentions-legales\/","og_site_name":"H\u00f4tel Atlantide","article_modified_time":"2024-05-28T09:52:49+00:00","og_image":[{"width":2500,"height":1786,"url":"https:\/\/hotelatlantide.fr\/wp-content\/uploads\/2024\/03\/Hotel-Atlantide-Biscarrosse-WEB-22-1.jpg","type":"image\/jpeg"}],"twitter_card":"summary_large_image","twitter_misc":{"Est. reading time":"7 minutes"},"schema":{"@context":"https:\/\/schema.org","@graph":[{"@type":"WebPage","@id":"https:\/\/hotelatlantide.fr\/mentions-legales\/","url":"https:\/\/hotelatlantide.fr\/mentions-legales\/","name":"Mentions l\u00e9gales | H\u00f4tel Atlantide","isPartOf":{"@id":"https:\/\/hotelatlantide.fr\/#website"},"datePublished":"2024-04-09T07:32:56+00:00","dateModified":"2024-05-28T09:52:49+00:00","inLanguage":"en-US","potentialAction":[{"@type":"ReadAction","target":["https:\/\/hotelatlantide.fr\/mentions-legales\/"]}]},{"@type":"WebSite","@id":"https:\/\/hotelatlantide.fr\/#website","url":"https:\/\/hotelatlantide.fr\/","name":"H\u00f4tel Atlantide","description":"","publisher":{"@id":"https:\/\/hotelatlantide.fr\/#organization"},"potentialAction":[{"@type":"SearchAction","target":{"@type":"EntryPoint","urlTemplate":"https:\/\/hotelatlantide.fr\/?s={search_term_string}"},"query-input":{"@type":"PropertyValueSpecification","valueRequired":true,"valueName":"search_term_string"}}],"inLanguage":"en-US"},{"@type":"Organization","@id":"https:\/\/hotelatlantide.fr\/#organization","name":"H\u00f4tel Atlantide","url":"https:\/\/hotelatlantide.fr\/","logo":{"@type":"ImageObject","inLanguage":"en-US","@id":"https:\/\/hotelatlantide.fr\/#\/schema\/logo\/image\/","url":"https:\/\/hotelatlantide.fr\/wp-content\/uploads\/2024\/05\/favicon-2.png","contentUrl":"https:\/\/hotelatlantide.fr\/wp-content\/uploads\/2024\/05\/favicon-2.png","width":512,"height":512,"caption":"H\u00f4tel Atlantide"},"image":{"@id":"https:\/\/hotelatlantide.fr\/#\/schema\/logo\/image\/"}}]}},"_links":{"self":[{"href":"https:\/\/hotelatlantide.fr\/en\/wp-json\/wp\/v2\/pages\/519","targetHints":{"allow":["GET"]}}],"collection":[{"href":"https:\/\/hotelatlantide.fr\/en\/wp-json\/wp\/v2\/pages"}],"about":[{"href":"https:\/\/hotelatlantide.fr\/en\/wp-json\/wp\/v2\/types\/page"}],"author":[{"embeddable":true,"href":"https:\/\/hotelatlantide.fr\/en\/wp-json\/wp\/v2\/users\/1"}],"replies":[{"embeddable":true,"href":"https:\/\/hotelatlantide.fr\/en\/wp-json\/wp\/v2\/comments?post=519"}],"version-history":[{"count":4,"href":"https:\/\/hotelatlantide.fr\/en\/wp-json\/wp\/v2\/pages\/519\/revisions"}],"predecessor-version":[{"id":578,"href":"https:\/\/hotelatlantide.fr\/en\/wp-json\/wp\/v2\/pages\/519\/revisions\/578"}],"wp:attachment":[{"href":"https:\/\/hotelatlantide.fr\/en\/wp-json\/wp\/v2\/media?parent=519"}],"curies":[{"name":"wp","href":"https:\/\/api.w.org\/{rel}","templated":true}]}}